{"id":144,"date":"2015-09-05T13:36:01","date_gmt":"2015-09-05T12:36:01","guid":{"rendered":"http:\/\/rossysa.ch\/?page_id=144"},"modified":"2026-04-08T06:40:51","modified_gmt":"2026-04-08T05:40:51","slug":"sponsoring-soutien","status":"publish","type":"page","link":"https:\/\/rossysa.ch\/index.php\/presentation\/sponsoring-soutien\/","title":{"rendered":"Sponsoring"},"content":{"rendered":"\n<p>Le garage Rossy s&rsquo;engage dans le sponsoring et dans le soutien&nbsp;dans les domaines du sport, de la culture et de la musique.<\/p>\n\n\n\n<p>Nous tenons \u00e0 \u00eatre pr\u00e9sents principalement dans les \u00e9v\u00e8nements de sponsoring de la r\u00e9gion afin de soutenir les soci\u00e9t\u00e9s locales.<\/p>\n\n\n<div class=\"wp-block-image\">\n<figure class=\"aligncenter\"><img loading=\"lazy\" decoding=\"async\" width=\"376\" height=\"142\" src=\"http:\/\/rossysa.ch\/wp-content\/uploads\/2026\/04\/elfic.png\" alt=\"\" class=\"wp-image-425423\" srcset=\"https:\/\/rossysa.ch\/wp-content\/uploads\/2026\/04\/elfic.png 376w, https:\/\/rossysa.ch\/wp-content\/uploads\/2026\/04\/elfic-300x113.png 300w\" sizes=\"(max-width: 376px) 100vw, 376px\" \/><\/figure><\/div>\n\n<div class=\"wp-block-image\">\n<figure class=\"aligncenter is-resized\"><img loading=\"lazy\" decoding=\"async\" width=\"1024\" height=\"1024\" src=\"http:\/\/rossysa.ch\/wp-content\/uploads\/2015\/09\/AFT-ITF.png\" alt=\"AFT-ITF\" class=\"wp-image-405\" style=\"width:201px;height:auto\" srcset=\"https:\/\/rossysa.ch\/wp-content\/uploads\/2015\/09\/AFT-ITF.png 1024w, https:\/\/rossysa.ch\/wp-content\/uploads\/2015\/09\/AFT-ITF-150x150.png 150w, https:\/\/rossysa.ch\/wp-content\/uploads\/2015\/09\/AFT-ITF-300x300.png 300w, https:\/\/rossysa.ch\/wp-content\/uploads\/2015\/09\/AFT-ITF-768x768.png 768w, https:\/\/rossysa.ch\/wp-content\/uploads\/2015\/09\/AFT-ITF-53x53.png 53w, https:\/\/rossysa.ch\/wp-content\/uploads\/2015\/09\/AFT-ITF-85x85.png 85w, https:\/\/rossysa.ch\/wp-content\/uploads\/2015\/09\/AFT-ITF-570x570.png 570w, https:\/\/rossysa.ch\/wp-content\/uploads\/2015\/09\/AFT-ITF-380x380.png 380w, https:\/\/rossysa.ch\/wp-content\/uploads\/2015\/09\/AFT-ITF-285x285.png 285w\" sizes=\"(max-width: 1024px) 100vw, 1024px\" \/><\/figure><\/div>\n\n<div class=\"wp-block-image\">\n<figure class=\"aligncenter is-resized\"><img loading=\"lazy\" decoding=\"async\" width=\"1200\" height=\"630\" src=\"http:\/\/rossysa.ch\/wp-content\/uploads\/2026\/04\/logo_pig_redpigsfestival_1200x630.png\" alt=\"\" class=\"wp-image-425430\" style=\"width:337px;height:auto\" srcset=\"https:\/\/rossysa.ch\/wp-content\/uploads\/2026\/04\/logo_pig_redpigsfestival_1200x630.png 1200w, https:\/\/rossysa.ch\/wp-content\/uploads\/2026\/04\/logo_pig_redpigsfestival_1200x630-300x158.png 300w, https:\/\/rossysa.ch\/wp-content\/uploads\/2026\/04\/logo_pig_redpigsfestival_1200x630-1024x538.png 1024w, https:\/\/rossysa.ch\/wp-content\/uploads\/2026\/04\/logo_pig_redpigsfestival_1200x630-768x403.png 768w\" sizes=\"(max-width: 1200px) 100vw, 1200px\" \/><\/figure><\/div>\n\n<div class=\"wp-block-image\">\n<figure class=\"aligncenter is-resized\"><img loading=\"lazy\" decoding=\"async\" width=\"1024\" height=\"1024\" src=\"http:\/\/rossysa.ch\/wp-content\/uploads\/2026\/04\/be464375-7be4-45b2-a84d-579ce6d23a74.png\" alt=\"\" class=\"wp-image-425428\" style=\"width:250px;height:auto\" srcset=\"https:\/\/rossysa.ch\/wp-content\/uploads\/2026\/04\/be464375-7be4-45b2-a84d-579ce6d23a74.png 1024w, https:\/\/rossysa.ch\/wp-content\/uploads\/2026\/04\/be464375-7be4-45b2-a84d-579ce6d23a74-300x300.png 300w, https:\/\/rossysa.ch\/wp-content\/uploads\/2026\/04\/be464375-7be4-45b2-a84d-579ce6d23a74-150x150.png 150w, https:\/\/rossysa.ch\/wp-content\/uploads\/2026\/04\/be464375-7be4-45b2-a84d-579ce6d23a74-768x768.png 768w, https:\/\/rossysa.ch\/wp-content\/uploads\/2026\/04\/be464375-7be4-45b2-a84d-579ce6d23a74-53x53.png 53w, https:\/\/rossysa.ch\/wp-content\/uploads\/2026\/04\/be464375-7be4-45b2-a84d-579ce6d23a74-85x85.png 85w, https:\/\/rossysa.ch\/wp-content\/uploads\/2026\/04\/be464375-7be4-45b2-a84d-579ce6d23a74-570x570.png 570w, https:\/\/rossysa.ch\/wp-content\/uploads\/2026\/04\/be464375-7be4-45b2-a84d-579ce6d23a74-380x380.png 380w, https:\/\/rossysa.ch\/wp-content\/uploads\/2026\/04\/be464375-7be4-45b2-a84d-579ce6d23a74-285x285.png 285w\" sizes=\"(max-width: 1024px) 100vw, 1024px\" \/><\/figure><\/div>\n\n<div class=\"wp-block-image\">\n<figure class=\"aligncenter\"><a href=\"http:\/\/www.portasub.ch\"><img loading=\"lazy\" decoding=\"async\" width=\"290\" height=\"300\" src=\"http:\/\/rossysa.ch\/wp-content\/uploads\/2015\/09\/LOGO-PORTASUB-290x300.png\" alt=\"\" class=\"wp-image-513\"\/><\/a><\/figure><\/div>\n\n<div class=\"wp-block-image\">\n<figure class=\"aligncenter is-resized\"><img loading=\"lazy\" decoding=\"async\" width=\"960\" height=\"949\" src=\"http:\/\/rossysa.ch\/wp-content\/uploads\/2026\/04\/347449418_3494400264166234_2334891064891324898_n.jpg\" alt=\"\" class=\"wp-image-425425\" style=\"width:234px;height:auto\" srcset=\"https:\/\/rossysa.ch\/wp-content\/uploads\/2026\/04\/347449418_3494400264166234_2334891064891324898_n.jpg 960w, https:\/\/rossysa.ch\/wp-content\/uploads\/2026\/04\/347449418_3494400264166234_2334891064891324898_n-300x297.jpg 300w, https:\/\/rossysa.ch\/wp-content\/uploads\/2026\/04\/347449418_3494400264166234_2334891064891324898_n-768x759.jpg 768w, https:\/\/rossysa.ch\/wp-content\/uploads\/2026\/04\/347449418_3494400264166234_2334891064891324898_n-53x53.jpg 53w, https:\/\/rossysa.ch\/wp-content\/uploads\/2026\/04\/347449418_3494400264166234_2334891064891324898_n-85x85.jpg 85w\" sizes=\"(max-width: 960px) 100vw, 960px\" \/><\/figure><\/div>\n\n<div class=\"wp-block-image\">\n<figure class=\"aligncenter is-resized\"><a href=\"http:\/\/www.baladegourmande-courtion.ch\/infos.htm\"><img loading=\"lazy\" decoding=\"async\" width=\"701\" height=\"172\" src=\"http:\/\/rossysa.ch\/wp-content\/uploads\/2018\/04\/Capturebalade-gourmande.png\" alt=\"\" class=\"wp-image-756\" style=\"width:424px;height:auto\" srcset=\"https:\/\/rossysa.ch\/wp-content\/uploads\/2018\/04\/Capturebalade-gourmande.png 701w, https:\/\/rossysa.ch\/wp-content\/uploads\/2018\/04\/Capturebalade-gourmande-300x74.png 300w\" sizes=\"(max-width: 701px) 100vw, 701px\" \/><\/a><\/figure><\/div>\n\n\n<p class=\"has-text-align-right\"><a href=\"http:\/\/www.domboule.ch\">&nbsp;<\/a><\/p>\n\n\n<div class=\"wp-block-image\">\n<figure class=\"aligncenter is-resized\"><a href=\"http:\/\/ccsb.ch\/\"><img loading=\"lazy\" decoding=\"async\" width=\"1393\" height=\"490\" src=\"http:\/\/rossysa.ch\/wp-content\/uploads\/2018\/04\/Capturecourse-caisse-\u00e0-savon.png\" alt=\"\" class=\"wp-image-758\" style=\"width:566px;height:auto\" srcset=\"https:\/\/rossysa.ch\/wp-content\/uploads\/2018\/04\/Capturecourse-caisse-\u00e0-savon.png 1393w, https:\/\/rossysa.ch\/wp-content\/uploads\/2018\/04\/Capturecourse-caisse-\u00e0-savon-300x106.png 300w, https:\/\/rossysa.ch\/wp-content\/uploads\/2018\/04\/Capturecourse-caisse-\u00e0-savon-768x270.png 768w, https:\/\/rossysa.ch\/wp-content\/uploads\/2018\/04\/Capturecourse-caisse-\u00e0-savon-1024x360.png 1024w\" sizes=\"(max-width: 1393px) 100vw, 1393px\" \/><\/a><\/figure><\/div>\n\n<div class=\"wp-block-image\">\n<figure class=\"aligncenter is-resized\"><img loading=\"lazy\" decoding=\"async\" width=\"399\" height=\"332\" src=\"http:\/\/rossysa.ch\/wp-content\/uploads\/2018\/05\/CaptureSki-club-Vully.png\" alt=\"\" class=\"wp-image-772\" style=\"width:323px;height:auto\" srcset=\"https:\/\/rossysa.ch\/wp-content\/uploads\/2018\/05\/CaptureSki-club-Vully.png 399w, https:\/\/rossysa.ch\/wp-content\/uploads\/2018\/05\/CaptureSki-club-Vully-300x250.png 300w\" sizes=\"(max-width: 399px) 100vw, 399px\" \/><\/figure><\/div>","protected":false},"excerpt":{"rendered":"<p>Le garage Rossy s&rsquo;engage dans le sponsoring et dans le soutien&nbsp;dans les domaines du sport, de la culture et de la musique. Nous tenons \u00e0 \u00eatre pr\u00e9sents principalement dans les \u00e9v\u00e8nements de sponsoring de la r\u00e9gion afin de soutenir les soci\u00e9t\u00e9s locales. &nbsp;<\/p>\n","protected":false},"author":1,"featured_media":0,"parent":68,"menu_order":0,"comment_status":"closed","ping_status":"closed","template":"","meta":{"footnotes":""},"_links":{"self":[{"href":"https:\/\/rossysa.ch\/index.php\/wp-json\/wp\/v2\/pages\/144"}],"collection":[{"href":"https:\/\/rossysa.ch\/index.php\/wp-json\/wp\/v2\/pages"}],"about":[{"href":"https:\/\/rossysa.ch\/index.php\/wp-json\/wp\/v2\/types\/page"}],"author":[{"embeddable":true,"href":"https:\/\/rossysa.ch\/index.php\/wp-json\/wp\/v2\/users\/1"}],"replies":[{"embeddable":true,"href":"https:\/\/rossysa.ch\/index.php\/wp-json\/wp\/v2\/comments?post=144"}],"version-history":[{"count":11,"href":"https:\/\/rossysa.ch\/index.php\/wp-json\/wp\/v2\/pages\/144\/revisions"}],"predecessor-version":[{"id":425438,"href":"https:\/\/rossysa.ch\/index.php\/wp-json\/wp\/v2\/pages\/144\/revisions\/425438"}],"up":[{"embeddable":true,"href":"https:\/\/rossysa.ch\/index.php\/wp-json\/wp\/v2\/pages\/68"}],"wp:attachment":[{"href":"https:\/\/rossysa.ch\/index.php\/wp-json\/wp\/v2\/media?parent=144"}],"curies":[{"name":"wp","href":"https:\/\/api.w.org\/{rel}","templated":true}]}}