{"id":147,"date":"2015-09-05T13:36:12","date_gmt":"2015-09-05T12:36:12","guid":{"rendered":"http:\/\/rossysa.ch\/?page_id=147"},"modified":"2025-12-05T11:17:57","modified_gmt":"2025-12-05T10:17:57","slug":"team","status":"publish","type":"page","link":"https:\/\/rossysa.ch\/index.php\/presentation\/team\/","title":{"rendered":"Team"},"content":{"rendered":"<div class=\"wp-block-image\">\n<figure class=\"aligncenter is-resized\"><img loading=\"lazy\" decoding=\"async\" width=\"1024\" height=\"711\" src=\"http:\/\/rossysa.ch\/wp-content\/uploads\/2022\/08\/sans-titre-105-sur-1-1024x711.jpg\" alt=\"\" class=\"wp-image-389965\" style=\"width:768px;height:533px\" srcset=\"https:\/\/rossysa.ch\/wp-content\/uploads\/2022\/08\/sans-titre-105-sur-1-1024x711.jpg 1024w, https:\/\/rossysa.ch\/wp-content\/uploads\/2022\/08\/sans-titre-105-sur-1-300x208.jpg 300w, https:\/\/rossysa.ch\/wp-content\/uploads\/2022\/08\/sans-titre-105-sur-1-768x533.jpg 768w\" sizes=\"(max-width: 1024px) 100vw, 1024px\" \/><figcaption class=\"wp-element-caption\"><strong>Team Administration<\/strong><\/figcaption><\/figure><\/div>\n\n<div class=\"wp-block-image\">\n<figure class=\"aligncenter is-resized\"><img loading=\"lazy\" decoding=\"async\" width=\"1024\" height=\"576\" src=\"http:\/\/rossysa.ch\/wp-content\/uploads\/2022\/08\/sans-titre-900-sur-1-1024x576.jpg\" alt=\"\" class=\"wp-image-391406\" style=\"width:768px;height:432px\" srcset=\"https:\/\/rossysa.ch\/wp-content\/uploads\/2022\/08\/sans-titre-900-sur-1-1024x576.jpg 1024w, https:\/\/rossysa.ch\/wp-content\/uploads\/2022\/08\/sans-titre-900-sur-1-300x169.jpg 300w, https:\/\/rossysa.ch\/wp-content\/uploads\/2022\/08\/sans-titre-900-sur-1-768x432.jpg 768w\" sizes=\"(max-width: 1024px) 100vw, 1024px\" \/><figcaption class=\"wp-element-caption\"><strong>Team Atelier<\/strong><\/figcaption><\/figure><\/div>\n\n<div class=\"wp-block-image\">\n<figure class=\"aligncenter is-resized\"><img loading=\"lazy\" decoding=\"async\" width=\"992\" height=\"1024\" src=\"http:\/\/rossysa.ch\/wp-content\/uploads\/2022\/04\/sans-titre-453-sur-1-992x1024.jpg\" alt=\"\" class=\"wp-image-267072\" style=\"width:496px;height:512px\" srcset=\"https:\/\/rossysa.ch\/wp-content\/uploads\/2022\/04\/sans-titre-453-sur-1-992x1024.jpg 992w, https:\/\/rossysa.ch\/wp-content\/uploads\/2022\/04\/sans-titre-453-sur-1-291x300.jpg 291w, https:\/\/rossysa.ch\/wp-content\/uploads\/2022\/04\/sans-titre-453-sur-1-768x793.jpg 768w\" sizes=\"(max-width: 992px) 100vw, 992px\" \/><figcaption class=\"wp-element-caption\"><strong>Olivier Rossy<br><br>Chef d&rsquo;entreprise<\/strong><br><br><a href=\"mailto:olivier.rossy@rossysa.ch\">mailto:olivier.rossy@rossysa.ch<\/a><br><\/figcaption><\/figure><\/div>\n\n<div class=\"wp-block-image\">\n<figure class=\"aligncenter is-resized\"><img loading=\"lazy\" decoding=\"async\" width=\"1024\" height=\"1024\" src=\"http:\/\/rossysa.ch\/wp-content\/uploads\/2022\/04\/sans-titre-114-sur-1-1-1024x1024.jpg\" alt=\"\" class=\"wp-image-265993\" style=\"width:512px;height:512px\" srcset=\"https:\/\/rossysa.ch\/wp-content\/uploads\/2022\/04\/sans-titre-114-sur-1-1-1024x1024.jpg 1024w, https:\/\/rossysa.ch\/wp-content\/uploads\/2022\/04\/sans-titre-114-sur-1-1-150x150.jpg 150w, https:\/\/rossysa.ch\/wp-content\/uploads\/2022\/04\/sans-titre-114-sur-1-1-300x300.jpg 300w, https:\/\/rossysa.ch\/wp-content\/uploads\/2022\/04\/sans-titre-114-sur-1-1-768x768.jpg 768w, https:\/\/rossysa.ch\/wp-content\/uploads\/2022\/04\/sans-titre-114-sur-1-1-53x53.jpg 53w, https:\/\/rossysa.ch\/wp-content\/uploads\/2022\/04\/sans-titre-114-sur-1-1-85x85.jpg 85w, https:\/\/rossysa.ch\/wp-content\/uploads\/2022\/04\/sans-titre-114-sur-1-1-570x570.jpg 570w, https:\/\/rossysa.ch\/wp-content\/uploads\/2022\/04\/sans-titre-114-sur-1-1-380x380.jpg 380w, https:\/\/rossysa.ch\/wp-content\/uploads\/2022\/04\/sans-titre-114-sur-1-1-285x285.jpg 285w\" sizes=\"(max-width: 1024px) 100vw, 1024px\" \/><figcaption class=\"wp-element-caption\"><strong>Pascal Gr\u00fcnebaum<\/strong><br> <br><strong>Directeur de vente<\/strong><br><br><a href=\"mailto:pascal.gruenebaum@rossysa.ch\">mailto:pascal.gruenebaum@rossysa.ch<\/a><br><br><\/figcaption><\/figure><\/div>\n\n\n<h4 class=\"wp-block-heading has-text-align-center\"><strong>Bureau<\/strong><\/h4>\n\n\n<div class=\"wp-block-image\">\n<figure class=\"aligncenter is-resized\"><img loading=\"lazy\" decoding=\"async\" width=\"1024\" height=\"1024\" src=\"http:\/\/rossysa.ch\/wp-content\/uploads\/2022\/04\/sans-titre-111-sur-288-1024x1024.jpg\" alt=\"\" class=\"wp-image-266016\" style=\"width:512px;height:512px\" srcset=\"https:\/\/rossysa.ch\/wp-content\/uploads\/2022\/04\/sans-titre-111-sur-288-1024x1024.jpg 1024w, https:\/\/rossysa.ch\/wp-content\/uploads\/2022\/04\/sans-titre-111-sur-288-150x150.jpg 150w, https:\/\/rossysa.ch\/wp-content\/uploads\/2022\/04\/sans-titre-111-sur-288-300x300.jpg 300w, https:\/\/rossysa.ch\/wp-content\/uploads\/2022\/04\/sans-titre-111-sur-288-768x768.jpg 768w, https:\/\/rossysa.ch\/wp-content\/uploads\/2022\/04\/sans-titre-111-sur-288-53x53.jpg 53w, https:\/\/rossysa.ch\/wp-content\/uploads\/2022\/04\/sans-titre-111-sur-288-85x85.jpg 85w, https:\/\/rossysa.ch\/wp-content\/uploads\/2022\/04\/sans-titre-111-sur-288-570x570.jpg 570w, https:\/\/rossysa.ch\/wp-content\/uploads\/2022\/04\/sans-titre-111-sur-288-380x380.jpg 380w, https:\/\/rossysa.ch\/wp-content\/uploads\/2022\/04\/sans-titre-111-sur-288-285x285.jpg 285w\" sizes=\"(max-width: 1024px) 100vw, 1024px\" \/><figcaption class=\"wp-element-caption\"><strong>Didier Schneeberger<br><br>Conseiller Service<\/strong><br><br><a href=\"mailto:didier.schneeberger@rossysa.ch\">mailto:didier.schneeberger@rossysa.ch<\/a><br><\/figcaption><\/figure><\/div>\n\n<div class=\"wp-block-image\">\n<figure class=\"aligncenter is-resized\"><img loading=\"lazy\" decoding=\"async\" width=\"1024\" height=\"1024\" src=\"http:\/\/rossysa.ch\/wp-content\/uploads\/2022\/04\/sans-titre-112-sur-28-1-1024x1024.jpg\" alt=\"\" class=\"wp-image-265983\" style=\"width:512px;height:512px\" srcset=\"https:\/\/rossysa.ch\/wp-content\/uploads\/2022\/04\/sans-titre-112-sur-28-1-1024x1024.jpg 1024w, https:\/\/rossysa.ch\/wp-content\/uploads\/2022\/04\/sans-titre-112-sur-28-1-150x150.jpg 150w, https:\/\/rossysa.ch\/wp-content\/uploads\/2022\/04\/sans-titre-112-sur-28-1-300x300.jpg 300w, https:\/\/rossysa.ch\/wp-content\/uploads\/2022\/04\/sans-titre-112-sur-28-1-768x768.jpg 768w, https:\/\/rossysa.ch\/wp-content\/uploads\/2022\/04\/sans-titre-112-sur-28-1-53x53.jpg 53w, https:\/\/rossysa.ch\/wp-content\/uploads\/2022\/04\/sans-titre-112-sur-28-1-85x85.jpg 85w, https:\/\/rossysa.ch\/wp-content\/uploads\/2022\/04\/sans-titre-112-sur-28-1-570x570.jpg 570w, https:\/\/rossysa.ch\/wp-content\/uploads\/2022\/04\/sans-titre-112-sur-28-1-380x380.jpg 380w, https:\/\/rossysa.ch\/wp-content\/uploads\/2022\/04\/sans-titre-112-sur-28-1-285x285.jpg 285w\" sizes=\"(max-width: 1024px) 100vw, 1024px\" \/><figcaption class=\"wp-element-caption\"><strong>Pierrette Julmy Rossier<br><br>Administration comptabilit\u00e9<\/strong><br> <br><a href=\"mailto:pierrette.julmy@rossysa.ch\">mailto:pierrette.julmy@rossysa.ch<\/a><br><\/figcaption><\/figure><\/div>\n\n\n<h4 class=\"wp-block-heading has-text-align-center\"><strong>Atelier<\/strong><\/h4>\n\n\n<div class=\"wp-block-image\">\n<figure class=\"aligncenter is-resized\"><img loading=\"lazy\" decoding=\"async\" width=\"1024\" height=\"1024\" src=\"http:\/\/rossysa.ch\/wp-content\/uploads\/2022\/04\/sans-titre-451-sur-1-1-1024x1024.jpg\" alt=\"\" class=\"wp-image-266032\" style=\"width:512px;height:512px\" srcset=\"https:\/\/rossysa.ch\/wp-content\/uploads\/2022\/04\/sans-titre-451-sur-1-1-1024x1024.jpg 1024w, https:\/\/rossysa.ch\/wp-content\/uploads\/2022\/04\/sans-titre-451-sur-1-1-150x150.jpg 150w, https:\/\/rossysa.ch\/wp-content\/uploads\/2022\/04\/sans-titre-451-sur-1-1-300x300.jpg 300w, https:\/\/rossysa.ch\/wp-content\/uploads\/2022\/04\/sans-titre-451-sur-1-1-768x768.jpg 768w, https:\/\/rossysa.ch\/wp-content\/uploads\/2022\/04\/sans-titre-451-sur-1-1-53x53.jpg 53w, https:\/\/rossysa.ch\/wp-content\/uploads\/2022\/04\/sans-titre-451-sur-1-1-85x85.jpg 85w, https:\/\/rossysa.ch\/wp-content\/uploads\/2022\/04\/sans-titre-451-sur-1-1-570x570.jpg 570w, https:\/\/rossysa.ch\/wp-content\/uploads\/2022\/04\/sans-titre-451-sur-1-1-380x380.jpg 380w, https:\/\/rossysa.ch\/wp-content\/uploads\/2022\/04\/sans-titre-451-sur-1-1-285x285.jpg 285w\" sizes=\"(max-width: 1024px) 100vw, 1024px\" \/><figcaption class=\"wp-element-caption\"><strong>Pascal Minguely<br><br>Chef d&rsquo;atelier<\/strong><br><br><a href=\"mailto:pascal.minguely@rossysa.ch\">mailto:pascal.minguely@rossysa.ch<\/a><\/figcaption><\/figure><\/div>\n\n<div class=\"wp-block-image\">\n<figure class=\"aligncenter is-resized\"><img loading=\"lazy\" decoding=\"async\" width=\"1024\" height=\"1024\" src=\"http:\/\/rossysa.ch\/wp-content\/uploads\/2022\/04\/sans-titre-115-sur-28-1-1024x1024.jpg\" alt=\"\" class=\"wp-image-266037\" style=\"width:512px;height:512px\" srcset=\"https:\/\/rossysa.ch\/wp-content\/uploads\/2022\/04\/sans-titre-115-sur-28-1-1024x1024.jpg 1024w, https:\/\/rossysa.ch\/wp-content\/uploads\/2022\/04\/sans-titre-115-sur-28-1-150x150.jpg 150w, https:\/\/rossysa.ch\/wp-content\/uploads\/2022\/04\/sans-titre-115-sur-28-1-300x300.jpg 300w, https:\/\/rossysa.ch\/wp-content\/uploads\/2022\/04\/sans-titre-115-sur-28-1-768x768.jpg 768w, https:\/\/rossysa.ch\/wp-content\/uploads\/2022\/04\/sans-titre-115-sur-28-1-53x53.jpg 53w, https:\/\/rossysa.ch\/wp-content\/uploads\/2022\/04\/sans-titre-115-sur-28-1-85x85.jpg 85w, https:\/\/rossysa.ch\/wp-content\/uploads\/2022\/04\/sans-titre-115-sur-28-1-570x570.jpg 570w, https:\/\/rossysa.ch\/wp-content\/uploads\/2022\/04\/sans-titre-115-sur-28-1-380x380.jpg 380w, https:\/\/rossysa.ch\/wp-content\/uploads\/2022\/04\/sans-titre-115-sur-28-1-285x285.jpg 285w\" sizes=\"(max-width: 1024px) 100vw, 1024px\" \/><figcaption class=\"wp-element-caption\"><strong> Julien Petter<br><br>Diagnosticien<br><br>Brevet F\u00e9d\u00e9ral<\/strong><br><br><a href=\"mailto:julien.peter@rossysa.ch\">mailto:julien.peter@rossysa.ch<\/a><br><\/figcaption><\/figure><\/div>\n\n<div class=\"wp-block-image\">\n<figure class=\"aligncenter is-resized\"><img loading=\"lazy\" decoding=\"async\" width=\"1024\" height=\"1024\" src=\"http:\/\/rossysa.ch\/wp-content\/uploads\/2022\/04\/sans-titre-450-sur-1-1-1024x1024.jpg\" alt=\"\" class=\"wp-image-266040\" style=\"width:512px;height:512px\" srcset=\"https:\/\/rossysa.ch\/wp-content\/uploads\/2022\/04\/sans-titre-450-sur-1-1-1024x1024.jpg 1024w, https:\/\/rossysa.ch\/wp-content\/uploads\/2022\/04\/sans-titre-450-sur-1-1-150x150.jpg 150w, https:\/\/rossysa.ch\/wp-content\/uploads\/2022\/04\/sans-titre-450-sur-1-1-300x300.jpg 300w, https:\/\/rossysa.ch\/wp-content\/uploads\/2022\/04\/sans-titre-450-sur-1-1-768x768.jpg 768w, https:\/\/rossysa.ch\/wp-content\/uploads\/2022\/04\/sans-titre-450-sur-1-1-53x53.jpg 53w, https:\/\/rossysa.ch\/wp-content\/uploads\/2022\/04\/sans-titre-450-sur-1-1-85x85.jpg 85w, https:\/\/rossysa.ch\/wp-content\/uploads\/2022\/04\/sans-titre-450-sur-1-1-570x570.jpg 570w, https:\/\/rossysa.ch\/wp-content\/uploads\/2022\/04\/sans-titre-450-sur-1-1-380x380.jpg 380w, https:\/\/rossysa.ch\/wp-content\/uploads\/2022\/04\/sans-titre-450-sur-1-1-285x285.jpg 285w\" sizes=\"(max-width: 1024px) 100vw, 1024px\" \/><figcaption class=\"wp-element-caption\"><strong>Valentin Roth<br><br>M\u00e9catronicien<\/strong><br><br><a href=\"mailto:valentin.roth@rossysa.ch\">mailto:valentin.roth@rossysa.ch<\/a><\/figcaption><\/figure><\/div>\n\n\n\n\n<h2 class=\"wp-block-heading has-text-align-center\"><strong>Souper de bo\u00eete au Wok Palais Royal de Bulle, 15 d\u00e9cembre 2023<\/strong><\/h2>\n\n\n<div class=\"wp-block-image\">\n<figure class=\"aligncenter size-large\"><a href=\"https:\/\/rossysa.ch\/wp-content\/uploads\/2024\/03\/Souper-de-boite-Bulle-2-scaled.jpg\"><img loading=\"lazy\" decoding=\"async\" width=\"1024\" height=\"576\" src=\"https:\/\/rossysa.ch\/wp-content\/uploads\/2024\/03\/Souper-de-boite-Bulle-2-1024x576.jpg\" alt=\"\" class=\"wp-image-421475\" srcset=\"https:\/\/rossysa.ch\/wp-content\/uploads\/2024\/03\/Souper-de-boite-Bulle-2-1024x576.jpg 1024w, https:\/\/rossysa.ch\/wp-content\/uploads\/2024\/03\/Souper-de-boite-Bulle-2-300x169.jpg 300w, https:\/\/rossysa.ch\/wp-content\/uploads\/2024\/03\/Souper-de-boite-Bulle-2-768x432.jpg 768w, https:\/\/rossysa.ch\/wp-content\/uploads\/2024\/03\/Souper-de-boite-Bulle-2-1536x864.jpg 1536w, https:\/\/rossysa.ch\/wp-content\/uploads\/2024\/03\/Souper-de-boite-Bulle-2-2048x1152.jpg 2048w\" sizes=\"(max-width: 1024px) 100vw, 1024px\" \/><\/a><\/figure><\/div>\n\n<h2 style=\"text-align: center;\"><strong>Sortie au karting \u00e0 Payerne d\u00e9cembre 2017<\/strong><\/h2>\n<p style=\"text-align: center;\"><img loading=\"lazy\" decoding=\"async\" class=\"alignnone size-full wp-image-624\" src=\"http:\/\/rossysa.ch\/wp-content\/uploads\/2015\/09\/Capture.png\" alt=\"\" width=\"765\" height=\"574\" srcset=\"https:\/\/rossysa.ch\/wp-content\/uploads\/2015\/09\/Capture.png 765w, https:\/\/rossysa.ch\/wp-content\/uploads\/2015\/09\/Capture-300x225.png 300w, https:\/\/rossysa.ch\/wp-content\/uploads\/2015\/09\/Capture-380x285.png 380w, https:\/\/rossysa.ch\/wp-content\/uploads\/2015\/09\/Capture-285x214.png 285w\" sizes=\"(max-width: 765px) 100vw, 765px\" \/><\/p>\n<h2 style=\"text-align: center;\"><strong>Sortie en basse-ville de Fribourg\u00a0 d\u00e9cembre 2016- Atelier molasse<\/strong><\/h2>\n<p><img loading=\"lazy\" decoding=\"async\" class=\"wp-image-540 aligncenter\" src=\"http:\/\/rossysa.ch\/wp-content\/uploads\/2015\/09\/IMG_1179.jpg\" alt=\"\" width=\"793\" height=\"595\" srcset=\"https:\/\/rossysa.ch\/wp-content\/uploads\/2015\/09\/IMG_1179.jpg 4032w, https:\/\/rossysa.ch\/wp-content\/uploads\/2015\/09\/IMG_1179-300x225.jpg 300w, https:\/\/rossysa.ch\/wp-content\/uploads\/2015\/09\/IMG_1179-768x576.jpg 768w, https:\/\/rossysa.ch\/wp-content\/uploads\/2015\/09\/IMG_1179-1024x768.jpg 1024w, https:\/\/rossysa.ch\/wp-content\/uploads\/2015\/09\/IMG_1179-380x285.jpg 380w, https:\/\/rossysa.ch\/wp-content\/uploads\/2015\/09\/IMG_1179-285x214.jpg 285w\" sizes=\"(max-width: 793px) 100vw, 793px\" \/><\/p>\n<p><img loading=\"lazy\" decoding=\"async\" class=\"wp-image-541 aligncenter\" src=\"http:\/\/rossysa.ch\/wp-content\/uploads\/2015\/09\/IMG_1159.jpg\" alt=\"\" width=\"619\" height=\"465\" srcset=\"https:\/\/rossysa.ch\/wp-content\/uploads\/2015\/09\/IMG_1159.jpg 4032w, https:\/\/rossysa.ch\/wp-content\/uploads\/2015\/09\/IMG_1159-300x225.jpg 300w, https:\/\/rossysa.ch\/wp-content\/uploads\/2015\/09\/IMG_1159-768x576.jpg 768w, https:\/\/rossysa.ch\/wp-content\/uploads\/2015\/09\/IMG_1159-1024x768.jpg 1024w, https:\/\/rossysa.ch\/wp-content\/uploads\/2015\/09\/IMG_1159-380x285.jpg 380w, https:\/\/rossysa.ch\/wp-content\/uploads\/2015\/09\/IMG_1159-285x214.jpg 285w\" sizes=\"(max-width: 619px) 100vw, 619px\" \/><\/p>\n<p><img loading=\"lazy\" decoding=\"async\" class=\"wp-image-542 aligncenter\" src=\"http:\/\/rossysa.ch\/wp-content\/uploads\/2015\/09\/IMG_1163.jpg\" alt=\"\" width=\"386\" height=\"514\" srcset=\"https:\/\/rossysa.ch\/wp-content\/uploads\/2015\/09\/IMG_1163.jpg 3024w, https:\/\/rossysa.ch\/wp-content\/uploads\/2015\/09\/IMG_1163-225x300.jpg 225w, https:\/\/rossysa.ch\/wp-content\/uploads\/2015\/09\/IMG_1163-768x1024.jpg 768w\" sizes=\"(max-width: 386px) 100vw, 386px\" \/><\/p>\n\n\n<p><\/p>\n","protected":false},"excerpt":{"rendered":"<p>Bureau Atelier Souper de bo\u00eete au Wok Palais Royal de Bulle, 15 d\u00e9cembre 2023 Sortie au karting \u00e0 Payerne d\u00e9cembre 2017 Sortie en basse-ville de Fribourg\u00a0 d\u00e9cembre 2016- Atelier molasse<\/p>\n","protected":false},"author":1,"featured_media":0,"parent":68,"menu_order":0,"comment_status":"closed","ping_status":"closed","template":"","meta":{"footnotes":""},"_links":{"self":[{"href":"https:\/\/rossysa.ch\/index.php\/wp-json\/wp\/v2\/pages\/147"}],"collection":[{"href":"https:\/\/rossysa.ch\/index.php\/wp-json\/wp\/v2\/pages"}],"about":[{"href":"https:\/\/rossysa.ch\/index.php\/wp-json\/wp\/v2\/types\/page"}],"author":[{"embeddable":true,"href":"https:\/\/rossysa.ch\/index.php\/wp-json\/wp\/v2\/users\/1"}],"replies":[{"embeddable":true,"href":"https:\/\/rossysa.ch\/index.php\/wp-json\/wp\/v2\/comments?post=147"}],"version-history":[{"count":8,"href":"https:\/\/rossysa.ch\/index.php\/wp-json\/wp\/v2\/pages\/147\/revisions"}],"predecessor-version":[{"id":423615,"href":"https:\/\/rossysa.ch\/index.php\/wp-json\/wp\/v2\/pages\/147\/revisions\/423615"}],"up":[{"embeddable":true,"href":"https:\/\/rossysa.ch\/index.php\/wp-json\/wp\/v2\/pages\/68"}],"wp:attachment":[{"href":"https:\/\/rossysa.ch\/index.php\/wp-json\/wp\/v2\/media?parent=147"}],"curies":[{"name":"wp","href":"https:\/\/api.w.org\/{rel}","templated":true}]}}