{"id":156,"date":"2015-09-05T13:37:39","date_gmt":"2015-09-05T12:37:39","guid":{"rendered":"http:\/\/rossysa.ch\/?page_id=156"},"modified":"2021-10-01T13:35:19","modified_gmt":"2021-10-01T12:35:19","slug":"essence","status":"publish","type":"page","link":"https:\/\/rossysa.ch\/index.php\/services\/essence\/","title":{"rendered":"Essence"},"content":{"rendered":"<p>Faites le plein, <strong>24\/24h<\/strong>. \u00e0 prix plancher .<\/p>\n<p>Profitez des avantages et des prix pr\u00e9f\u00e9rentiels et <strong>b\u00e9n\u00e9ficiez d&rsquo;un rabais de 2 ct<\/strong> en nous demandant<\/p>\n<p>une\u00a0carte pr\u00e9paiement.<\/p>\n","protected":false},"excerpt":{"rendered":"<p>Faites le plein, 24\/24h. \u00e0 prix plancher . Profitez des avantages et des prix pr\u00e9f\u00e9rentiels et b\u00e9n\u00e9ficiez d&rsquo;un rabais de 2 ct en nous demandant une\u00a0carte pr\u00e9paiement.<\/p>\n","protected":false},"author":1,"featured_media":0,"parent":40,"menu_order":0,"comment_status":"closed","ping_status":"closed","template":"","meta":{"footnotes":""},"_links":{"self":[{"href":"https:\/\/rossysa.ch\/index.php\/wp-json\/wp\/v2\/pages\/156"}],"collection":[{"href":"https:\/\/rossysa.ch\/index.php\/wp-json\/wp\/v2\/pages"}],"about":[{"href":"https:\/\/rossysa.ch\/index.php\/wp-json\/wp\/v2\/types\/page"}],"author":[{"embeddable":true,"href":"https:\/\/rossysa.ch\/index.php\/wp-json\/wp\/v2\/users\/1"}],"replies":[{"embeddable":true,"href":"https:\/\/rossysa.ch\/index.php\/wp-json\/wp\/v2\/comments?post=156"}],"version-history":[{"count":0,"href":"https:\/\/rossysa.ch\/index.php\/wp-json\/wp\/v2\/pages\/156\/revisions"}],"up":[{"embeddable":true,"href":"https:\/\/rossysa.ch\/index.php\/wp-json\/wp\/v2\/pages\/40"}],"wp:attachment":[{"href":"https:\/\/rossysa.ch\/index.php\/wp-json\/wp\/v2\/media?parent=156"}],"curies":[{"name":"wp","href":"https:\/\/api.w.org\/{rel}","templated":true}]}}