{"id":40,"date":"2015-07-07T23:27:49","date_gmt":"2015-07-07T22:27:49","guid":{"rendered":"http:\/\/rossysa.ch\/?page_id=40"},"modified":"2026-02-10T19:59:04","modified_gmt":"2026-02-10T18:59:04","slug":"services","status":"publish","type":"page","link":"https:\/\/rossysa.ch\/index.php\/services\/","title":{"rendered":"Services"},"content":{"rendered":"<h1 style=\"text-align: center;\">NOS PRESTATIONS<\/h1>\n<p>Nous nous engageons avec passion pour que vous soyez, chers clients, ch\u00e8res clientes, enti\u00e8rement satisfait de nos services.<\/p>\n<p>Notre priorit\u00e9 reste d&rsquo;\u00eatre proche de vous tout en comprenant vos attentes et vos besoins.<\/p>\n<p>En vendant des voitures de qualit\u00e9, nous assurons leur fonctionnement en toute s\u00e9curit\u00e9 et nous vous offrons des prestations de qualit\u00e9 avec un bon entretien de vos v\u00e9hicules.<\/p>\n<p>Notre atelier est \u00e9quip\u00e9 des techniques des plus modernes pour apporter les meilleures solutions aux nouvelles technologies.<\/p>\n<p>Nos collaborateurs hautement qualifi\u00e9s b\u00e9n\u00e9ficient d&rsquo;une formation continue.<\/p>\n<h1><a href=\"http:\/\/rossysa.ch\/wp-content\/uploads\/2015\/08\/fg.jpg\"><img loading=\"lazy\" decoding=\"async\" class=\"size-full wp-image-117 aligncenter\" src=\"http:\/\/rossysa.ch\/wp-content\/uploads\/2015\/08\/fg.jpg\" alt=\"fg\" width=\"882\" height=\"196\" srcset=\"https:\/\/rossysa.ch\/wp-content\/uploads\/2015\/08\/fg.jpg 882w, https:\/\/rossysa.ch\/wp-content\/uploads\/2015\/08\/fg-300x67.jpg 300w\" sizes=\"(max-width: 882px) 100vw, 882px\" \/><\/a><\/h1>\n<h2><strong>Nos prestations :<\/strong><\/h2>\n<table>\n<tbody>\n<tr>\n<td><strong>Atelier\u00a0<\/strong><\/td>\n<td><strong>Vente\u00a0<\/strong><\/td>\n<td><strong>Divers\u00a0<\/strong><\/td>\n<\/tr>\n<tr>\n<td>\u00a0Entretien de votre v\u00e9hicule<\/td>\n<td>\u00a0Vente de v\u00e9hicules neufs<\/td>\n<td>\u00a0D\u00e9pannages Totalmobil<\/td>\n<\/tr>\n<tr>\n<td>\u00a0Pr\u00e9paration expertise<\/td>\n<td>\u00a0Vente de v\u00e9hicules d&rsquo;occasions<\/td>\n<td>\u00a0Cartes pr\u00e9paiement essence\/cr\u00e9dit<\/td>\n<\/tr>\n<tr>\n<td>\u00a0Pr\u00e9sentation de votre v\u00e9hicule \u00e0 l&rsquo;expertise<\/td>\n<td>\u00a0Essaies des v\u00e9hicules<\/td>\n<td>\u00a0\u00a0Pi\u00e8ces d\u00e9tach\u00e9es<\/td>\n<\/tr>\n<tr>\n<td>\u00a0R\u00e9parations en tout genre<\/td>\n<td>\u00a0Financement v\u00e9hicules<\/td>\n<td>\u00a0Montage d&rsquo;accessoires<\/td>\n<\/tr>\n<tr>\n<td>\u00a0Maintenance de la climatisation<\/td>\n<td>\u00a0Prolongation de garantie<\/td>\n<td>\u00a0Jantes<\/td>\n<\/tr>\n<tr>\n<td>\u00a0Nettoyage int\u00e9rieur\/ext\u00e9rieur<\/td>\n<td>\u00a0Conseil<\/td>\n<td>\u00a0Roues compl\u00e8tes<\/td>\n<\/tr>\n<tr>\n<td>Carrosserie et peinture<\/td>\n<td>Offres<\/td>\n<td>Pneus<\/td>\n<\/tr>\n<tr>\n<td>Pose roues\/pneus<\/td>\n<td>Espace\u00a0\u00a0enfants<\/td>\n<td>Entreposage des roues\/pneus<\/td>\n<\/tr>\n<\/tbody>\n<\/table>\n<p>Nous avons un syst\u00e8me \u00ab\u00a0Digibox\u00a0\u00bb vous permettant de venir d\u00e9poser et chercher votre v\u00e9hicule 24\/24h. gr\u00e2ce \u00e0 un syst\u00e8me de code <span style=\"color: #777777;\"><a style=\"color: #777777;\" href=\"https:\/\/ghostwriter.com.de\/ghostwriter-schweiz\/\"><span id=\"1\" class=\"HALYaf zjZ1Re KKjvXb\" role=\"tabpanel\"><span class=\"zRhise\"><span class=\"PkjLuf   \">ghostwriter masterarbeit schweiz<\/span><\/span><\/span><\/a><\/span>. La cl\u00e9 du v\u00e9hicule vous est remise automatiquement.<\/p>\n","protected":false},"excerpt":{"rendered":"<p>NOS PRESTATIONS Nous nous engageons avec passion pour que vous soyez, chers clients, ch\u00e8res clientes, enti\u00e8rement satisfait de nos services. Notre priorit\u00e9 reste d&rsquo;\u00eatre proche de vous tout en comprenant vos attentes et vos besoins. En vendant des voitures de qualit\u00e9, nous assurons leur fonctionnement en toute s\u00e9curit\u00e9 et nous vous offrons des prestations de<\/p>\n<p class=\"more-link\"><a href=\"https:\/\/rossysa.ch\/index.php\/services\/\" class=\"themebutton2\">READ MORE<\/a><\/p>\n","protected":false},"author":1,"featured_media":0,"parent":0,"menu_order":0,"comment_status":"closed","ping_status":"closed","template":"","meta":{"footnotes":""},"_links":{"self":[{"href":"https:\/\/rossysa.ch\/index.php\/wp-json\/wp\/v2\/pages\/40"}],"collection":[{"href":"https:\/\/rossysa.ch\/index.php\/wp-json\/wp\/v2\/pages"}],"about":[{"href":"https:\/\/rossysa.ch\/index.php\/wp-json\/wp\/v2\/types\/page"}],"author":[{"embeddable":true,"href":"https:\/\/rossysa.ch\/index.php\/wp-json\/wp\/v2\/users\/1"}],"replies":[{"embeddable":true,"href":"https:\/\/rossysa.ch\/index.php\/wp-json\/wp\/v2\/comments?post=40"}],"version-history":[{"count":2,"href":"https:\/\/rossysa.ch\/index.php\/wp-json\/wp\/v2\/pages\/40\/revisions"}],"predecessor-version":[{"id":425325,"href":"https:\/\/rossysa.ch\/index.php\/wp-json\/wp\/v2\/pages\/40\/revisions\/425325"}],"wp:attachment":[{"href":"https:\/\/rossysa.ch\/index.php\/wp-json\/wp\/v2\/media?parent=40"}],"curies":[{"name":"wp","href":"https:\/\/api.w.org\/{rel}","templated":true}]}}